{"id":4107,"date":"2025-09-29T03:13:10","date_gmt":"2025-09-29T06:13:10","guid":{"rendered":"https:\/\/abudhabiviajes.com.ar\/?page_id=4107"},"modified":"2025-11-28T04:15:23","modified_gmt":"2025-11-28T07:15:23","slug":"nosotros-2","status":"publish","type":"page","link":"https:\/\/wheeltravel.com.ar\/index.php\/nosotros-2\/","title":{"rendered":"Nosotros"},"content":{"rendered":"\t\t<div data-elementor-type=\"wp-page\" data-elementor-id=\"4107\" class=\"elementor elementor-4107\" data-elementor-post-type=\"page\">\n\t\t\t\t\t\t<section class=\"elementor-section elementor-top-section elementor-element elementor-element-45edc23 elementor-section-boxed elementor-section-height-default elementor-section-height-default\" data-id=\"45edc23\" data-element_type=\"section\">\n\t\t\t\t\t\t<div class=\"elementor-container elementor-column-gap-default\">\n\t\t\t\t\t<div class=\"elementor-column elementor-col-100 elementor-top-column elementor-element elementor-element-fd90137\" data-id=\"fd90137\" data-element_type=\"column\">\n\t\t\t<div class=\"elementor-widget-wrap\">\n\t\t\t\t\t\t\t<\/div>\n\t\t<\/div>\n\t\t\t\t\t<\/div>\n\t\t<\/section>\n\t\t\t\t<section class=\"elementor-section elementor-top-section elementor-element elementor-element-8ced631 elementor-section-full_width elementor-section-stretched elementor-section-height-default elementor-section-height-default\" data-id=\"8ced631\" data-element_type=\"section\" data-settings=\"{&quot;stretch_section&quot;:&quot;section-stretched&quot;,&quot;background_background&quot;:&quot;classic&quot;}\">\n\t\t\t\t\t\t<div class=\"elementor-container elementor-column-gap-default\">\n\t\t\t\t\t<div class=\"elementor-column elementor-col-100 elementor-top-column elementor-element elementor-element-6629188\" data-id=\"6629188\" data-element_type=\"column\">\n\t\t\t<div class=\"elementor-widget-wrap elementor-element-populated\">\n\t\t\t\t\t\t<div class=\"elementor-element elementor-element-62ec711 elementor-widget elementor-widget-heading\" data-id=\"62ec711\" data-element_type=\"widget\" data-widget_type=\"heading.default\">\n\t\t\t\t<div class=\"elementor-widget-container\">\n\t\t\t<h2 class=\"elementor-heading-title elementor-size-default\">Nosotros<\/h2>\t\t<\/div>\n\t\t\t\t<\/div>\n\t\t\t\t<section class=\"elementor-section elementor-inner-section elementor-element elementor-element-57255aa elementor-section-boxed elementor-section-height-default elementor-section-height-default\" data-id=\"57255aa\" data-element_type=\"section\">\n\t\t\t\t\t\t<div class=\"elementor-container elementor-column-gap-default\">\n\t\t\t\t\t<div class=\"elementor-column elementor-col-50 elementor-inner-column elementor-element elementor-element-bf1f451\" data-id=\"bf1f451\" data-element_type=\"column\">\n\t\t\t<div class=\"elementor-widget-wrap elementor-element-populated\">\n\t\t\t\t\t\t<div class=\"elementor-element elementor-element-1082632 elementor-widget__width-initial elementor-widget elementor-widget-text-editor\" data-id=\"1082632\" data-element_type=\"widget\" data-widget_type=\"text-editor.default\">\n\t\t\t\t<div class=\"elementor-widget-container\">\n\t\t\t\t\t\t\t<p data-start=\"134\" data-end=\"330\">Somos <strong data-start=\"140\" data-end=\"156\">Wheel Travel<\/strong>, un mayorista de turismo nacido en Rosario con una visi\u00f3n clara: impulsar el crecimiento de las agencias y convertirse en el aliado estrat\u00e9gico que todo vendedor necesita.<\/p>\n<p data-start=\"332\" data-end=\"557\">Nuestro equipo est\u00e1 formado por profesionales con <strong data-start=\"382\" data-end=\"414\">experiencia real en el rubro<\/strong>, que conocen de cerca el d\u00eda a d\u00eda de una agencia, sus desaf\u00edos, sus ritmos y lo que se necesita para cerrar ventas con seguridad y confianza.<\/p>\n<p data-start=\"559\" data-end=\"835\">Creemos en la cercan\u00eda y en el trato humano. Por eso trabajamos con una estructura <strong data-start=\"642\" data-end=\"676\">\u00e1gil, flexible y personalizada<\/strong>, ofreciendo respuestas r\u00e1pidas, acompa\u00f1amiento constante y soluciones dise\u00f1adas para facilitarte el trabajo y ayudarte a convertir cada consulta en una venta.<\/p>\n<p data-start=\"837\" data-end=\"1039\">En Wheel Travel no solo te damos un producto: <strong data-start=\"883\" data-end=\"904\">te damos respaldo<\/strong>. Te escuchamos, te asesoramos y te acompa\u00f1amos en cada operaci\u00f3n para que puedas ofrecer a tus clientes la mejor experiencia de viaje.<br><br>Estamos ac\u00e1 para potenciar tu negocio.&nbsp;<strong data-start=\"1082\" data-end=\"1167\" data-is-last-node=\"\">Crec\u00e9, vend\u00e9 y avanz\u00e1 con la tranquilidad de tener un verdadero equipo a tu lado.<\/strong><\/p>\t\t\t\t\t\t<\/div>\n\t\t\t\t<\/div>\n\t\t\t\t\t<\/div>\n\t\t<\/div>\n\t\t\t\t<div class=\"elementor-column elementor-col-50 elementor-inner-column elementor-element elementor-element-da6e475\" data-id=\"da6e475\" data-element_type=\"column\">\n\t\t\t<div class=\"elementor-widget-wrap elementor-element-populated\">\n\t\t\t\t\t\t<div class=\"elementor-element elementor-element-25355dd elementor-widget__width-initial elementor-widget elementor-widget-image\" data-id=\"25355dd\" data-element_type=\"widget\" data-widget_type=\"image.default\">\n\t\t\t\t<div class=\"elementor-widget-container\">\n\t\t\t\t\t\t\t\t\t\t\t\t\t<img fetchpriority=\"high\" decoding=\"async\" width=\"660\" height=\"662\" src=\"https:\/\/wheeltravel.com.ar\/wp-content\/uploads\/2025\/11\/imagen-nosotros.png\" class=\"attachment-large size-large wp-image-5043\" alt=\"\" srcset=\"https:\/\/wheeltravel.com.ar\/wp-content\/uploads\/2025\/11\/imagen-nosotros.png 821w, https:\/\/wheeltravel.com.ar\/wp-content\/uploads\/2025\/11\/imagen-nosotros-300x300.png 300w, https:\/\/wheeltravel.com.ar\/wp-content\/uploads\/2025\/11\/imagen-nosotros-150x150.png 150w, https:\/\/wheeltravel.com.ar\/wp-content\/uploads\/2025\/11\/imagen-nosotros-768x771.png 768w, https:\/\/wheeltravel.com.ar\/wp-content\/uploads\/2025\/11\/imagen-nosotros-100x100.png 100w\" sizes=\"(max-width: 660px) 100vw, 660px\" \/>\t\t\t\t\t\t\t\t\t\t\t\t\t<\/div>\n\t\t\t\t<\/div>\n\t\t\t\t\t<\/div>\n\t\t<\/div>\n\t\t\t\t\t<\/div>\n\t\t<\/section>\n\t\t\t\t\t<\/div>\n\t\t<\/div>\n\t\t\t\t\t<\/div>\n\t\t<\/section>\n\t\t\t\t<\/div>\n\t\t","protected":false},"excerpt":{"rendered":"<p>Nosotros Somos Wheel Travel, un mayorista de turismo nacido en Rosario con una visi\u00f3n clara: impulsar el crecimiento de las agencias y convertirse en el aliado estrat\u00e9gico que todo vendedor necesita. Nuestro equipo est\u00e1 formado por profesionales con experiencia real en el rubro, que conocen de cerca el d\u00eda a d\u00eda de una agencia, sus [&hellip;]<\/p>\n","protected":false},"author":1,"featured_media":0,"parent":0,"menu_order":0,"comment_status":"closed","ping_status":"closed","template":"","meta":{"footnotes":""},"yoast_head":"<!-- This site is optimized with the Yoast SEO plugin v24.0 - https:\/\/yoast.com\/wordpress\/plugins\/seo\/ -->\n<title>Nosotros - Wheel Travel<\/title>\n<meta name=\"robots\" content=\"index, follow, max-snippet:-1, max-image-preview:large, max-video-preview:-1\" \/>\n<link rel=\"canonical\" href=\"https:\/\/wheeltravel.com.ar\/index.php\/nosotros-2\/\" \/>\n<meta property=\"og:locale\" content=\"es_ES\" \/>\n<meta property=\"og:type\" content=\"article\" \/>\n<meta property=\"og:title\" content=\"Nosotros - Wheel Travel\" \/>\n<meta property=\"og:description\" content=\"Nosotros Somos Wheel Travel, un mayorista de turismo nacido en Rosario con una visi\u00f3n clara: impulsar el crecimiento de las agencias y convertirse en el aliado estrat\u00e9gico que todo vendedor necesita. Nuestro equipo est\u00e1 formado por profesionales con experiencia real en el rubro, que conocen de cerca el d\u00eda a d\u00eda de una agencia, sus [&hellip;]\" \/>\n<meta property=\"og:url\" content=\"https:\/\/wheeltravel.com.ar\/index.php\/nosotros-2\/\" \/>\n<meta property=\"og:site_name\" content=\"Wheel Travel\" \/>\n<meta property=\"article:modified_time\" content=\"2025-11-28T07:15:23+00:00\" \/>\n<meta property=\"og:image\" content=\"https:\/\/wheeltravel.com.ar\/wp-content\/uploads\/2025\/11\/imagen-nosotros.png\" \/>\n\t<meta property=\"og:image:width\" content=\"821\" \/>\n\t<meta property=\"og:image:height\" content=\"824\" \/>\n\t<meta property=\"og:image:type\" content=\"image\/png\" \/>\n<meta name=\"twitter:card\" content=\"summary_large_image\" \/>\n<meta name=\"twitter:label1\" content=\"Tiempo de lectura\" \/>\n\t<meta name=\"twitter:data1\" content=\"1 minuto\" \/>\n<script type=\"application\/ld+json\" class=\"yoast-schema-graph\">{\"@context\":\"https:\/\/schema.org\",\"@graph\":[{\"@type\":\"WebPage\",\"@id\":\"https:\/\/wheeltravel.com.ar\/index.php\/nosotros-2\/\",\"url\":\"https:\/\/wheeltravel.com.ar\/index.php\/nosotros-2\/\",\"name\":\"Nosotros - Wheel Travel\",\"isPartOf\":{\"@id\":\"https:\/\/wheeltravel.com.ar\/#website\"},\"primaryImageOfPage\":{\"@id\":\"https:\/\/wheeltravel.com.ar\/index.php\/nosotros-2\/#primaryimage\"},\"image\":{\"@id\":\"https:\/\/wheeltravel.com.ar\/index.php\/nosotros-2\/#primaryimage\"},\"thumbnailUrl\":\"https:\/\/wheeltravel.com.ar\/wp-content\/uploads\/2025\/11\/imagen-nosotros.png\",\"datePublished\":\"2025-09-29T06:13:10+00:00\",\"dateModified\":\"2025-11-28T07:15:23+00:00\",\"breadcrumb\":{\"@id\":\"https:\/\/wheeltravel.com.ar\/index.php\/nosotros-2\/#breadcrumb\"},\"inLanguage\":\"es\",\"potentialAction\":[{\"@type\":\"ReadAction\",\"target\":[\"https:\/\/wheeltravel.com.ar\/index.php\/nosotros-2\/\"]}]},{\"@type\":\"ImageObject\",\"inLanguage\":\"es\",\"@id\":\"https:\/\/wheeltravel.com.ar\/index.php\/nosotros-2\/#primaryimage\",\"url\":\"https:\/\/wheeltravel.com.ar\/wp-content\/uploads\/2025\/11\/imagen-nosotros.png\",\"contentUrl\":\"https:\/\/wheeltravel.com.ar\/wp-content\/uploads\/2025\/11\/imagen-nosotros.png\",\"width\":821,\"height\":824},{\"@type\":\"BreadcrumbList\",\"@id\":\"https:\/\/wheeltravel.com.ar\/index.php\/nosotros-2\/#breadcrumb\",\"itemListElement\":[{\"@type\":\"ListItem\",\"position\":1,\"name\":\"Portada\",\"item\":\"https:\/\/wheeltravel.com.ar\/\"},{\"@type\":\"ListItem\",\"position\":2,\"name\":\"Nosotros\"}]},{\"@type\":\"WebSite\",\"@id\":\"https:\/\/wheeltravel.com.ar\/#website\",\"url\":\"https:\/\/wheeltravel.com.ar\/\",\"name\":\"Wheel Travel\",\"description\":\"Mayorista de Viajes\",\"potentialAction\":[{\"@type\":\"SearchAction\",\"target\":{\"@type\":\"EntryPoint\",\"urlTemplate\":\"https:\/\/wheeltravel.com.ar\/?s={search_term_string}\"},\"query-input\":{\"@type\":\"PropertyValueSpecification\",\"valueRequired\":true,\"valueName\":\"search_term_string\"}}],\"inLanguage\":\"es\"}]}<\/script>\n<!-- \/ Yoast SEO plugin. -->","yoast_head_json":{"title":"Nosotros - Wheel Travel","robots":{"index":"index","follow":"follow","max-snippet":"max-snippet:-1","max-image-preview":"max-image-preview:large","max-video-preview":"max-video-preview:-1"},"canonical":"https:\/\/wheeltravel.com.ar\/index.php\/nosotros-2\/","og_locale":"es_ES","og_type":"article","og_title":"Nosotros - Wheel Travel","og_description":"Nosotros Somos Wheel Travel, un mayorista de turismo nacido en Rosario con una visi\u00f3n clara: impulsar el crecimiento de las agencias y convertirse en el aliado estrat\u00e9gico que todo vendedor necesita. Nuestro equipo est\u00e1 formado por profesionales con experiencia real en el rubro, que conocen de cerca el d\u00eda a d\u00eda de una agencia, sus [&hellip;]","og_url":"https:\/\/wheeltravel.com.ar\/index.php\/nosotros-2\/","og_site_name":"Wheel Travel","article_modified_time":"2025-11-28T07:15:23+00:00","og_image":[{"width":821,"height":824,"url":"https:\/\/wheeltravel.com.ar\/wp-content\/uploads\/2025\/11\/imagen-nosotros.png","type":"image\/png"}],"twitter_card":"summary_large_image","twitter_misc":{"Tiempo de lectura":"1 minuto"},"schema":{"@context":"https:\/\/schema.org","@graph":[{"@type":"WebPage","@id":"https:\/\/wheeltravel.com.ar\/index.php\/nosotros-2\/","url":"https:\/\/wheeltravel.com.ar\/index.php\/nosotros-2\/","name":"Nosotros - Wheel Travel","isPartOf":{"@id":"https:\/\/wheeltravel.com.ar\/#website"},"primaryImageOfPage":{"@id":"https:\/\/wheeltravel.com.ar\/index.php\/nosotros-2\/#primaryimage"},"image":{"@id":"https:\/\/wheeltravel.com.ar\/index.php\/nosotros-2\/#primaryimage"},"thumbnailUrl":"https:\/\/wheeltravel.com.ar\/wp-content\/uploads\/2025\/11\/imagen-nosotros.png","datePublished":"2025-09-29T06:13:10+00:00","dateModified":"2025-11-28T07:15:23+00:00","breadcrumb":{"@id":"https:\/\/wheeltravel.com.ar\/index.php\/nosotros-2\/#breadcrumb"},"inLanguage":"es","potentialAction":[{"@type":"ReadAction","target":["https:\/\/wheeltravel.com.ar\/index.php\/nosotros-2\/"]}]},{"@type":"ImageObject","inLanguage":"es","@id":"https:\/\/wheeltravel.com.ar\/index.php\/nosotros-2\/#primaryimage","url":"https:\/\/wheeltravel.com.ar\/wp-content\/uploads\/2025\/11\/imagen-nosotros.png","contentUrl":"https:\/\/wheeltravel.com.ar\/wp-content\/uploads\/2025\/11\/imagen-nosotros.png","width":821,"height":824},{"@type":"BreadcrumbList","@id":"https:\/\/wheeltravel.com.ar\/index.php\/nosotros-2\/#breadcrumb","itemListElement":[{"@type":"ListItem","position":1,"name":"Portada","item":"https:\/\/wheeltravel.com.ar\/"},{"@type":"ListItem","position":2,"name":"Nosotros"}]},{"@type":"WebSite","@id":"https:\/\/wheeltravel.com.ar\/#website","url":"https:\/\/wheeltravel.com.ar\/","name":"Wheel Travel","description":"Mayorista de Viajes","potentialAction":[{"@type":"SearchAction","target":{"@type":"EntryPoint","urlTemplate":"https:\/\/wheeltravel.com.ar\/?s={search_term_string}"},"query-input":{"@type":"PropertyValueSpecification","valueRequired":true,"valueName":"search_term_string"}}],"inLanguage":"es"}]}},"_hostinger_reach_plugin_has_subscription_block":false,"_hostinger_reach_plugin_is_elementor":false,"_links":{"self":[{"href":"https:\/\/wheeltravel.com.ar\/index.php\/wp-json\/wp\/v2\/pages\/4107"}],"collection":[{"href":"https:\/\/wheeltravel.com.ar\/index.php\/wp-json\/wp\/v2\/pages"}],"about":[{"href":"https:\/\/wheeltravel.com.ar\/index.php\/wp-json\/wp\/v2\/types\/page"}],"author":[{"embeddable":true,"href":"https:\/\/wheeltravel.com.ar\/index.php\/wp-json\/wp\/v2\/users\/1"}],"replies":[{"embeddable":true,"href":"https:\/\/wheeltravel.com.ar\/index.php\/wp-json\/wp\/v2\/comments?post=4107"}],"version-history":[{"count":62,"href":"https:\/\/wheeltravel.com.ar\/index.php\/wp-json\/wp\/v2\/pages\/4107\/revisions"}],"predecessor-version":[{"id":5067,"href":"https:\/\/wheeltravel.com.ar\/index.php\/wp-json\/wp\/v2\/pages\/4107\/revisions\/5067"}],"wp:attachment":[{"href":"https:\/\/wheeltravel.com.ar\/index.php\/wp-json\/wp\/v2\/media?parent=4107"}],"curies":[{"name":"wp","href":"https:\/\/api.w.org\/{rel}","templated":true}]}}