{"id":1846,"date":"2023-08-29T15:00:25","date_gmt":"2023-08-29T18:00:25","guid":{"rendered":"https:\/\/soytusocio.com\/?page_id=1846"},"modified":"2023-08-29T21:36:40","modified_gmt":"2023-08-30T00:36:40","slug":"nosotros","status":"publish","type":"page","link":"https:\/\/wheeltravel.com.ar\/index.php\/nosotros\/","title":{"rendered":"Nosotros"},"content":{"rendered":"\t\t<div data-elementor-type=\"wp-page\" data-elementor-id=\"1846\" class=\"elementor elementor-1846\" data-elementor-post-type=\"page\">\n\t\t\t\t\t\t<section class=\"elementor-section elementor-top-section elementor-element elementor-element-ce38749 elementor-section-content-middle elementor-section-boxed elementor-section-height-default elementor-section-height-default\" data-id=\"ce38749\" data-element_type=\"section\" data-settings=\"{&quot;background_background&quot;:&quot;classic&quot;}\">\n\t\t\t\t\t\t<div class=\"elementor-container elementor-column-gap-default\">\n\t\t\t\t\t<div class=\"elementor-column elementor-col-100 elementor-top-column elementor-element elementor-element-147256e\" data-id=\"147256e\" data-element_type=\"column\" data-settings=\"{&quot;background_background&quot;:&quot;classic&quot;}\">\n\t\t\t<div class=\"elementor-widget-wrap elementor-element-populated\">\n\t\t\t\t\t\t<div class=\"elementor-element elementor-element-f1c85bd elementor-widget elementor-widget-spacer\" data-id=\"f1c85bd\" data-element_type=\"widget\" data-widget_type=\"spacer.default\">\n\t\t\t\t<div class=\"elementor-widget-container\">\n\t\t\t\t\t<div class=\"elementor-spacer\">\n\t\t\t<div class=\"elementor-spacer-inner\"><\/div>\n\t\t<\/div>\n\t\t\t\t<\/div>\n\t\t\t\t<\/div>\n\t\t\t\t\t<\/div>\n\t\t<\/div>\n\t\t\t\t\t<\/div>\n\t\t<\/section>\n\t\t\t\t<section class=\"elementor-section elementor-top-section elementor-element elementor-element-6a44bf4 elementor-section-boxed elementor-section-height-default elementor-section-height-default\" data-id=\"6a44bf4\" data-element_type=\"section\">\n\t\t\t\t\t\t<div class=\"elementor-container elementor-column-gap-default\">\n\t\t\t\t\t<div class=\"elementor-column elementor-col-100 elementor-top-column elementor-element elementor-element-20a65eb\" data-id=\"20a65eb\" data-element_type=\"column\">\n\t\t\t<div class=\"elementor-widget-wrap elementor-element-populated\">\n\t\t\t\t\t\t<div class=\"elementor-element elementor-element-a2b967a elementor-widget elementor-widget-heading\" data-id=\"a2b967a\" data-element_type=\"widget\" data-widget_type=\"heading.default\">\n\t\t\t\t<div class=\"elementor-widget-container\">\n\t\t\t<h2 class=\"elementor-heading-title elementor-size-default\">Conocenos<\/h2>\t\t<\/div>\n\t\t\t\t<\/div>\n\t\t\t\t<div class=\"elementor-element elementor-element-5ba9546 elementor-widget elementor-widget-text-editor\" data-id=\"5ba9546\" data-element_type=\"widget\" data-widget_type=\"text-editor.default\">\n\t\t\t\t<div class=\"elementor-widget-container\">\n\t\t\t\t\t\t\t<p>En un mundo cada vez m\u00e1s conectado, sabemos lo importante que es encontrar los productos y servicios que necesitas de manera r\u00e1pida y conveniente. Es por eso que estamos emocionados de presentarte nuestra innovadora plataforma de b\u00fasqueda de comercios zonales.<\/p><p>\u00bfTe has preguntado alguna vez c\u00f3mo ser\u00eda tener acceso a todos los comercios de tu zona al alcance de tu mano? Con <strong>BARRIOS ON LINE<\/strong>, eso es exactamente lo que obtendr\u00e1s. Somos mucho m\u00e1s que una simple herramienta de b\u00fasqueda; somos tu compa\u00f1ero local para descubrir todo lo que tu barrio tiene para ofrecer.<\/p><p>Nuestra plataforma est\u00e1 dise\u00f1ada para simplificar tu vida y maximizar tu comodidad. \u00bfBuscas una cafeter\u00eda acogedora para disfrutar de tu bebida favorita? \u00bfNecesitas encontrar un taller confiable para cuidar de tu veh\u00edculo? \u00bfO quiz\u00e1s est\u00e1s en busca de un lugar especial para cenar esta noche? Sea cual sea tu necesidad, <strong>BARRIOS ON LINE<\/strong> te conectar\u00e1 con una amplia gama de comercios locales que cumplir\u00e1n tus expectativas.<\/p><p>\u00bfSos emprendedor y\/o comerciante en Ciudad de Buenos Aires o alrededores y no sab\u00e9s c\u00f3mo difundirlo? En <strong>BARRIOS ON LINE<\/strong> pod\u00e9s llegar a miles de vecinos en los diferentes Barrios y aumentar tus ventas.<\/p>\t\t\t\t\t\t<\/div>\n\t\t\t\t<\/div>\n\t\t\t\t<div class=\"elementor-element elementor-element-4616dba elementor-button-warning elementor-align-center elementor-widget elementor-widget-button\" data-id=\"4616dba\" data-element_type=\"widget\" data-widget_type=\"button.default\">\n\t\t\t\t<div class=\"elementor-widget-container\">\n\t\t\t\t\t\t\t<div class=\"elementor-button-wrapper\">\n\t\t\t\t\t<a class=\"elementor-button elementor-button-link elementor-size-sm\" href=\"https:\/\/walink.co\/931cf0\">\n\t\t\t\t\t\t<span class=\"elementor-button-content-wrapper\">\n\t\t\t\t\t\t\t\t\t<span class=\"elementor-button-text\">Quiero m\u00e1s informaci\u00f3n<\/span>\n\t\t\t\t\t<\/span>\n\t\t\t\t\t<\/a>\n\t\t\t\t<\/div>\n\t\t\t\t\t\t<\/div>\n\t\t\t\t<\/div>\n\t\t\t\t\t<\/div>\n\t\t<\/div>\n\t\t\t\t\t<\/div>\n\t\t<\/section>\n\t\t\t\t<\/div>\n\t\t","protected":false},"excerpt":{"rendered":"<p>Conocenos En un mundo cada vez m\u00e1s conectado, sabemos lo importante que es encontrar los productos y servicios que necesitas de manera r\u00e1pida y conveniente. Es por eso que estamos emocionados de presentarte nuestra innovadora plataforma de b\u00fasqueda de comercios zonales. \u00bfTe has preguntado alguna vez c\u00f3mo ser\u00eda tener acceso a todos los comercios de [&hellip;]<\/p>\n","protected":false},"author":1,"featured_media":0,"parent":0,"menu_order":0,"comment_status":"closed","ping_status":"closed","template":"elementor_header_footer","meta":{"footnotes":""},"yoast_head":"<!-- This site is optimized with the Yoast SEO plugin v24.0 - https:\/\/yoast.com\/wordpress\/plugins\/seo\/ -->\n<title>Nosotros - Wheel Travel<\/title>\n<meta name=\"robots\" content=\"index, follow, max-snippet:-1, max-image-preview:large, max-video-preview:-1\" \/>\n<link rel=\"canonical\" href=\"https:\/\/wheeltravel.com.ar\/index.php\/nosotros\/\" \/>\n<meta property=\"og:locale\" content=\"es_ES\" \/>\n<meta property=\"og:type\" content=\"article\" \/>\n<meta property=\"og:title\" content=\"Nosotros - Wheel Travel\" \/>\n<meta property=\"og:description\" content=\"Conocenos En un mundo cada vez m\u00e1s conectado, sabemos lo importante que es encontrar los productos y servicios que necesitas de manera r\u00e1pida y conveniente. Es por eso que estamos emocionados de presentarte nuestra innovadora plataforma de b\u00fasqueda de comercios zonales. \u00bfTe has preguntado alguna vez c\u00f3mo ser\u00eda tener acceso a todos los comercios de [&hellip;]\" \/>\n<meta property=\"og:url\" content=\"https:\/\/wheeltravel.com.ar\/index.php\/nosotros\/\" \/>\n<meta property=\"og:site_name\" content=\"Wheel Travel\" \/>\n<meta property=\"article:modified_time\" content=\"2023-08-30T00:36:40+00:00\" \/>\n<meta name=\"twitter:card\" content=\"summary_large_image\" \/>\n<meta name=\"twitter:label1\" content=\"Tiempo de lectura\" \/>\n\t<meta name=\"twitter:data1\" content=\"1 minuto\" \/>\n<script type=\"application\/ld+json\" class=\"yoast-schema-graph\">{\"@context\":\"https:\/\/schema.org\",\"@graph\":[{\"@type\":\"WebPage\",\"@id\":\"https:\/\/wheeltravel.com.ar\/index.php\/nosotros\/\",\"url\":\"https:\/\/wheeltravel.com.ar\/index.php\/nosotros\/\",\"name\":\"Nosotros - Wheel Travel\",\"isPartOf\":{\"@id\":\"https:\/\/wheeltravel.com.ar\/#website\"},\"datePublished\":\"2023-08-29T18:00:25+00:00\",\"dateModified\":\"2023-08-30T00:36:40+00:00\",\"breadcrumb\":{\"@id\":\"https:\/\/wheeltravel.com.ar\/index.php\/nosotros\/#breadcrumb\"},\"inLanguage\":\"es\",\"potentialAction\":[{\"@type\":\"ReadAction\",\"target\":[\"https:\/\/wheeltravel.com.ar\/index.php\/nosotros\/\"]}]},{\"@type\":\"BreadcrumbList\",\"@id\":\"https:\/\/wheeltravel.com.ar\/index.php\/nosotros\/#breadcrumb\",\"itemListElement\":[{\"@type\":\"ListItem\",\"position\":1,\"name\":\"Portada\",\"item\":\"https:\/\/wheeltravel.com.ar\/\"},{\"@type\":\"ListItem\",\"position\":2,\"name\":\"Nosotros\"}]},{\"@type\":\"WebSite\",\"@id\":\"https:\/\/wheeltravel.com.ar\/#website\",\"url\":\"https:\/\/wheeltravel.com.ar\/\",\"name\":\"Wheel Travel\",\"description\":\"Mayorista de Viajes\",\"potentialAction\":[{\"@type\":\"SearchAction\",\"target\":{\"@type\":\"EntryPoint\",\"urlTemplate\":\"https:\/\/wheeltravel.com.ar\/?s={search_term_string}\"},\"query-input\":{\"@type\":\"PropertyValueSpecification\",\"valueRequired\":true,\"valueName\":\"search_term_string\"}}],\"inLanguage\":\"es\"}]}<\/script>\n<!-- \/ Yoast SEO plugin. -->","yoast_head_json":{"title":"Nosotros - Wheel Travel","robots":{"index":"index","follow":"follow","max-snippet":"max-snippet:-1","max-image-preview":"max-image-preview:large","max-video-preview":"max-video-preview:-1"},"canonical":"https:\/\/wheeltravel.com.ar\/index.php\/nosotros\/","og_locale":"es_ES","og_type":"article","og_title":"Nosotros - Wheel Travel","og_description":"Conocenos En un mundo cada vez m\u00e1s conectado, sabemos lo importante que es encontrar los productos y servicios que necesitas de manera r\u00e1pida y conveniente. Es por eso que estamos emocionados de presentarte nuestra innovadora plataforma de b\u00fasqueda de comercios zonales. \u00bfTe has preguntado alguna vez c\u00f3mo ser\u00eda tener acceso a todos los comercios de [&hellip;]","og_url":"https:\/\/wheeltravel.com.ar\/index.php\/nosotros\/","og_site_name":"Wheel Travel","article_modified_time":"2023-08-30T00:36:40+00:00","twitter_card":"summary_large_image","twitter_misc":{"Tiempo de lectura":"1 minuto"},"schema":{"@context":"https:\/\/schema.org","@graph":[{"@type":"WebPage","@id":"https:\/\/wheeltravel.com.ar\/index.php\/nosotros\/","url":"https:\/\/wheeltravel.com.ar\/index.php\/nosotros\/","name":"Nosotros - Wheel Travel","isPartOf":{"@id":"https:\/\/wheeltravel.com.ar\/#website"},"datePublished":"2023-08-29T18:00:25+00:00","dateModified":"2023-08-30T00:36:40+00:00","breadcrumb":{"@id":"https:\/\/wheeltravel.com.ar\/index.php\/nosotros\/#breadcrumb"},"inLanguage":"es","potentialAction":[{"@type":"ReadAction","target":["https:\/\/wheeltravel.com.ar\/index.php\/nosotros\/"]}]},{"@type":"BreadcrumbList","@id":"https:\/\/wheeltravel.com.ar\/index.php\/nosotros\/#breadcrumb","itemListElement":[{"@type":"ListItem","position":1,"name":"Portada","item":"https:\/\/wheeltravel.com.ar\/"},{"@type":"ListItem","position":2,"name":"Nosotros"}]},{"@type":"WebSite","@id":"https:\/\/wheeltravel.com.ar\/#website","url":"https:\/\/wheeltravel.com.ar\/","name":"Wheel Travel","description":"Mayorista de Viajes","potentialAction":[{"@type":"SearchAction","target":{"@type":"EntryPoint","urlTemplate":"https:\/\/wheeltravel.com.ar\/?s={search_term_string}"},"query-input":{"@type":"PropertyValueSpecification","valueRequired":true,"valueName":"search_term_string"}}],"inLanguage":"es"}]}},"_hostinger_reach_plugin_has_subscription_block":false,"_hostinger_reach_plugin_is_elementor":false,"_links":{"self":[{"href":"https:\/\/wheeltravel.com.ar\/index.php\/wp-json\/wp\/v2\/pages\/1846"}],"collection":[{"href":"https:\/\/wheeltravel.com.ar\/index.php\/wp-json\/wp\/v2\/pages"}],"about":[{"href":"https:\/\/wheeltravel.com.ar\/index.php\/wp-json\/wp\/v2\/types\/page"}],"author":[{"embeddable":true,"href":"https:\/\/wheeltravel.com.ar\/index.php\/wp-json\/wp\/v2\/users\/1"}],"replies":[{"embeddable":true,"href":"https:\/\/wheeltravel.com.ar\/index.php\/wp-json\/wp\/v2\/comments?post=1846"}],"version-history":[{"count":52,"href":"https:\/\/wheeltravel.com.ar\/index.php\/wp-json\/wp\/v2\/pages\/1846\/revisions"}],"predecessor-version":[{"id":1981,"href":"https:\/\/wheeltravel.com.ar\/index.php\/wp-json\/wp\/v2\/pages\/1846\/revisions\/1981"}],"wp:attachment":[{"href":"https:\/\/wheeltravel.com.ar\/index.php\/wp-json\/wp\/v2\/media?parent=1846"}],"curies":[{"name":"wp","href":"https:\/\/api.w.org\/{rel}","templated":true}]}}